{"id":367,"date":"2025-01-16T22:50:51","date_gmt":"2025-01-16T19:50:51","guid":{"rendered":"https:\/\/globherbs.com\/?page_id=367"},"modified":"2025-01-16T23:12:00","modified_gmt":"2025-01-16T20:12:00","slug":"uber-uns","status":"publish","type":"page","link":"https:\/\/globherbs.com\/de\/uber-uns\/","title":{"rendered":"\u00dcber Uns | GlobHerbs &#8211; Die Heilkraft der Natur"},"content":{"rendered":"<p><img fetchpriority=\"high\" decoding=\"async\" class=\"aligncenter size-full wp-image-355\" src=\"https:\/\/globherbs.com\/wp-content\/uploads\/2025\/01\/hakkimizda.jpg\" alt=\"\u00dcber Uns\" width=\"900\" height=\"300\" title=\"\" srcset=\"https:\/\/globherbs.com\/wp-content\/uploads\/2025\/01\/hakkimizda.jpg 900w, https:\/\/globherbs.com\/wp-content\/uploads\/2025\/01\/hakkimizda-300x100.jpg 300w, https:\/\/globherbs.com\/wp-content\/uploads\/2025\/01\/hakkimizda-768x256.jpg 768w\" sizes=\"(max-width: 900px) 100vw, 900px\" \/><\/p>\n<h2><strong>\u00dcber Uns<\/strong><\/h2>\n<p><a href=\"https:\/\/globherbs.com\/de\/\" target=\"_blank\" rel=\"noopener\">GlobHerbs<\/a> ist eine Plattform, die darauf abzielt, die heilende Kraft der Natur in das moderne Leben zu bringen. Unsere Website bietet pflanzliche Gesundheitsl\u00f6sungen und Ratschl\u00e4ge f\u00fcr ein nat\u00fcrliches Leben, mit dem Ziel, unseren Nutzern zuverl\u00e4ssige, wissenschaftliche und ethisch erstellte Inhalte bereitzustellen.<\/p>\n<p>Unser Ziel ist es nicht nur, Informationen bereitzustellen, sondern Sie auch zu einem <a href=\"https:\/\/www.who.int\/\" target=\"_blank\" rel=\"noopener\">gesunden<\/a> und nachhaltigen Lebensstil zu f\u00fchren. Auf GlobHerbs finden Sie eine Vielzahl von Informationen, von pflanzlichen Gesundheitsprodukten \u00fcber nat\u00fcrliche Behandlungsmethoden bis hin zu Tipps f\u00fcr eine gesunde Ern\u00e4hrung.<\/p>\n","protected":false},"excerpt":{"rendered":"<p>\u00dcber Uns GlobHerbs ist eine Plattform, die darauf abzielt, die heilende Kraft der Natur in das moderne Leben zu bringen. Unsere Website bietet pflanzliche Gesundheitsl\u00f6sungen und Ratschl\u00e4ge f\u00fcr ein nat\u00fcrliches Leben, mit dem Ziel, unseren Nutzern zuverl\u00e4ssige, wissenschaftliche und ethisch erstellte Inhalte bereitzustellen. Unser Ziel ist es nicht nur, Informationen bereitzustellen, sondern Sie auch zu [&hellip;]<\/p>\n","protected":false},"author":1,"featured_media":0,"parent":0,"menu_order":0,"comment_status":"closed","ping_status":"closed","template":"","meta":{"footnotes":""},"class_list":["post-367","page","type-page","status-publish","hentry"],"_links":{"self":[{"href":"https:\/\/globherbs.com\/de\/wp-json\/wp\/v2\/pages\/367","targetHints":{"allow":["GET"]}}],"collection":[{"href":"https:\/\/globherbs.com\/de\/wp-json\/wp\/v2\/pages"}],"about":[{"href":"https:\/\/globherbs.com\/de\/wp-json\/wp\/v2\/types\/page"}],"author":[{"embeddable":true,"href":"https:\/\/globherbs.com\/de\/wp-json\/wp\/v2\/users\/1"}],"replies":[{"embeddable":true,"href":"https:\/\/globherbs.com\/de\/wp-json\/wp\/v2\/comments?post=367"}],"version-history":[{"count":2,"href":"https:\/\/globherbs.com\/de\/wp-json\/wp\/v2\/pages\/367\/revisions"}],"predecessor-version":[{"id":369,"href":"https:\/\/globherbs.com\/de\/wp-json\/wp\/v2\/pages\/367\/revisions\/369"}],"wp:attachment":[{"href":"https:\/\/globherbs.com\/de\/wp-json\/wp\/v2\/media?parent=367"}],"curies":[{"name":"wp","href":"https:\/\/api.w.org\/{rel}","templated":true}]}}