{"id":383,"date":"2025-01-16T23:23:41","date_gmt":"2025-01-16T20:23:41","guid":{"rendered":"https:\/\/globherbs.com\/?page_id=383"},"modified":"2025-01-17T01:09:41","modified_gmt":"2025-01-16T22:09:41","slug":"haftungsausschluss-globherbs","status":"publish","type":"page","link":"https:\/\/globherbs.com\/de\/haftungsausschluss-globherbs\/","title":{"rendered":"Haftungsausschluss | GlobHerbs"},"content":{"rendered":"<p><img fetchpriority=\"high\" decoding=\"async\" class=\"aligncenter size-full wp-image-375\" src=\"https:\/\/globherbs.com\/wp-content\/uploads\/2025\/01\/sorumluluk-reddi-beyani.jpg\" alt=\"Haftungsausschluss\" width=\"900\" height=\"300\" title=\"\" srcset=\"https:\/\/globherbs.com\/wp-content\/uploads\/2025\/01\/sorumluluk-reddi-beyani.jpg 900w, https:\/\/globherbs.com\/wp-content\/uploads\/2025\/01\/sorumluluk-reddi-beyani-300x100.jpg 300w, https:\/\/globherbs.com\/wp-content\/uploads\/2025\/01\/sorumluluk-reddi-beyani-768x256.jpg 768w\" sizes=\"(max-width: 900px) 100vw, 900px\" \/><\/p>\n<h2><strong>Haftungsausschluss<\/strong><\/h2>\n<p><a href=\"https:\/\/globherbs.com\/de\/\" target=\"_blank\" rel=\"noopener\">GlobHerbs<\/a> erkl\u00e4rt, dass alle Inhalte, die den Benutzern bereitgestellt werden, ausschlie\u00dflich zu <strong>Informationszwecken<\/strong> dienen. Die auf unserer Website enthaltenen Artikel, Produktempfehlungen und nat\u00fcrlichen Behandlungsmethoden ersetzen keine professionelle Beratung oder \u00e4rztliche Konsultation.<\/p>\n<h3>Kein Ersatz f\u00fcr Medizinische Beratung<\/h3>\n<p>Die Informationen auf unserer Website dienen ausschlie\u00dflich der Bereitstellung allgemeiner Informationen und k\u00f6nnen keine Diagnose, Behandlung oder Empfehlung eines <a href=\"https:\/\/www.who.int\/\" target=\"_blank\" rel=\"noopener\">medizinischen Fachpersonals<\/a> ersetzen. Konsultieren Sie immer einen Arzt, bevor Sie eine Behandlung beginnen oder ein Produkt verwenden.<\/p>\n<h3>Produktverwendung und Ergebnisse<\/h3>\n<p>Die Wirkung nat\u00fcrlicher Produkte kann von Person zu Person unterschiedlich sein. GlobHerbs garantiert keine spezifischen Ergebnisse f\u00fcr ein Produkt. Produktbeschreibungen oder Nutzerbewertungen auf unserer Website dienen nur Informationszwecken und stellen keine Verpflichtung dar.<\/p>\n<h3>Verantwortung der Nutzer<\/h3>\n<p>Alle Nutzer unserer Website sind daf\u00fcr verantwortlich, die bereitgestellten Informationen nach eigenem Ermessen zu nutzen. GlobHerbs haftet nicht f\u00fcr Folgen, die sich aus der missbr\u00e4uchlichen Nutzung der bereitgestellten Informationen ergeben.<\/p>\n<h3>Externe Links<\/h3>\n<p>GlobHerbs kann Links zu anderen Websites bereitstellen. Es ist jedoch nicht verantwortlich f\u00fcr den Inhalt dieser Websites. Die \u00dcberpr\u00fcfung der Genauigkeit der Informationen auf diesen Seiten liegt in der Verantwortung der Benutzer.<\/p>\n<h3>Haftungsausschluss<\/h3>\n<p>GlobHerbs garantiert nicht die Richtigkeit, Vollst\u00e4ndigkeit oder Aktualit\u00e4t der Inhalte auf der Website. Es kann nicht f\u00fcr direkte oder indirekte Sch\u00e4den verantwortlich gemacht werden, die sich aus der Nutzung der Informationen auf der Website ergeben.<\/p>\n<p>Dieser Haftungsausschluss kann bei Bedarf aktualisiert werden. Es liegt in der Verantwortung der Nutzer, \u00c4nderungen regelm\u00e4\u00dfig zu \u00fcberpr\u00fcfen.<\/p>\n","protected":false},"excerpt":{"rendered":"<p>Haftungsausschluss GlobHerbs erkl\u00e4rt, dass alle Inhalte, die den Benutzern bereitgestellt werden, ausschlie\u00dflich zu Informationszwecken dienen. Die auf unserer Website enthaltenen Artikel, Produktempfehlungen und nat\u00fcrlichen Behandlungsmethoden ersetzen keine professionelle Beratung oder \u00e4rztliche Konsultation. Kein Ersatz f\u00fcr Medizinische Beratung Die Informationen auf unserer Website dienen ausschlie\u00dflich der Bereitstellung allgemeiner Informationen und k\u00f6nnen keine Diagnose, Behandlung oder Empfehlung [&hellip;]<\/p>\n","protected":false},"author":1,"featured_media":0,"parent":0,"menu_order":0,"comment_status":"closed","ping_status":"closed","template":"","meta":{"footnotes":""},"class_list":["post-383","page","type-page","status-publish","hentry"],"_links":{"self":[{"href":"https:\/\/globherbs.com\/de\/wp-json\/wp\/v2\/pages\/383","targetHints":{"allow":["GET"]}}],"collection":[{"href":"https:\/\/globherbs.com\/de\/wp-json\/wp\/v2\/pages"}],"about":[{"href":"https:\/\/globherbs.com\/de\/wp-json\/wp\/v2\/types\/page"}],"author":[{"embeddable":true,"href":"https:\/\/globherbs.com\/de\/wp-json\/wp\/v2\/users\/1"}],"replies":[{"embeddable":true,"href":"https:\/\/globherbs.com\/de\/wp-json\/wp\/v2\/comments?post=383"}],"version-history":[{"count":1,"href":"https:\/\/globherbs.com\/de\/wp-json\/wp\/v2\/pages\/383\/revisions"}],"predecessor-version":[{"id":384,"href":"https:\/\/globherbs.com\/de\/wp-json\/wp\/v2\/pages\/383\/revisions\/384"}],"wp:attachment":[{"href":"https:\/\/globherbs.com\/de\/wp-json\/wp\/v2\/media?parent=383"}],"curies":[{"name":"wp","href":"https:\/\/api.w.org\/{rel}","templated":true}]}}