{"id":137,"date":"2025-01-13T15:27:30","date_gmt":"2025-01-13T12:27:30","guid":{"rendered":"https:\/\/globherbs.com\/?page_id=137"},"modified":"2025-01-15T00:32:21","modified_gmt":"2025-01-14T21:32:21","slug":"politique-de-confidentialite","status":"publish","type":"page","link":"https:\/\/globherbs.com\/fr\/politique-de-confidentialite\/","title":{"rendered":"Politique de confidentialit\u00e9"},"content":{"rendered":"<div class=\"min-h-8 text-message flex w-full flex-col items-end gap-2 whitespace-normal break-words text-start [.text-message+&amp;]:mt-5\" dir=\"auto\" data-message-author-role=\"assistant\" data-message-id=\"c42cb6ec-33d7-4198-b934-15b8a1809345\" data-message-model-slug=\"gpt-4o\">\n<div class=\"flex w-full flex-col gap-1 empty:hidden first:pt-[3px]\">\n<div class=\"markdown prose w-full break-words dark:prose-invert light\">\n<h4><img fetchpriority=\"high\" decoding=\"async\" class=\"aligncenter wp-image-170 size-full\" src=\"https:\/\/globherbs.com\/wp-content\/uploads\/2025\/01\/gizlilik-politikasi.jpg\" alt=\"gizlilik politikas\u0131, Politique de Confidentialit\u00e9\" width=\"900\" height=\"300\" title=\"\" srcset=\"https:\/\/globherbs.com\/wp-content\/uploads\/2025\/01\/gizlilik-politikasi.jpg 900w, https:\/\/globherbs.com\/wp-content\/uploads\/2025\/01\/gizlilik-politikasi-300x100.jpg 300w, https:\/\/globherbs.com\/wp-content\/uploads\/2025\/01\/gizlilik-politikasi-768x256.jpg 768w\" sizes=\"(max-width: 900px) 100vw, 900px\" \/><\/h4>\n<h4><strong>Politique de Confidentialit\u00e9<\/strong><\/h4>\n<p><strong>Qui Sommes-Nous ?<\/strong><br \/>\nGlobherbs.com fournit des informations fiables pour ceux qui explorent la vie naturelle et les plantes m\u00e9dicinales. Notre adresse web est <strong><a href=\"https:\/\/globherbs.com\/fr\/\" target=\"_new\" rel=\"noopener\">https:\/\/globherbs.com<\/a><\/strong>.<\/p>\n<hr \/>\n<p><strong>Commentaires<\/strong><br \/>\nLorsque les visiteurs laissent des commentaires, nous collectons les donn\u00e9es indiqu\u00e9es dans le formulaire de commentaires, ainsi que l&rsquo;adresse IP et les informations du navigateur des visiteurs pour d\u00e9tecter les spams. Un hash anonymis\u00e9 de votre adresse e-mail peut \u00eatre envoy\u00e9 au service Gravatar. Plus d&rsquo;informations : <a href=\"https:\/\/automattic.com\/privacy\/\" target=\"_new\" rel=\"noopener\">https:\/\/automattic.com\/privacy\/<\/a>.<\/p>\n<hr \/>\n<p><strong>M\u00e9dias<\/strong><br \/>\nSi vous t\u00e9l\u00e9chargez des images sur le site, assurez-vous qu&rsquo;elles ne contiennent pas de donn\u00e9es de localisation int\u00e9gr\u00e9es (EXIF GPS). Les visiteurs peuvent t\u00e9l\u00e9charger et extraire ces donn\u00e9es des images.<\/p>\n<hr \/>\n<p><strong>Cookies<\/strong><br \/>\nSi vous laissez un commentaire, votre nom, votre adresse e-mail et votre site web peuvent \u00eatre enregistr\u00e9s dans des cookies pour votre commodit\u00e9. Ces cookies sont conserv\u00e9s pendant un an.<\/p>\n<p>Lorsque vous vous connectez, les cookies de connexion sont conserv\u00e9s pendant deux jours et les cookies de pr\u00e9f\u00e9rences d&rsquo;\u00e9cran pendant un an. Si vous s\u00e9lectionnez \u00ab\u00a0Se souvenir de moi\u00a0\u00bb, votre session restera active pendant deux semaines. Lorsque vous vous d\u00e9connectez, les cookies de connexion sont supprim\u00e9s.<\/p>\n<p>Si vous modifiez ou publiez un article, un cookie suppl\u00e9mentaire est enregistr\u00e9, expirant apr\u00e8s un jour et ne contenant aucune donn\u00e9e personnelle.<\/p>\n<hr \/>\n<p><strong>Contenu Int\u00e9gr\u00e9 d&rsquo;Autres Sites Web<\/strong><br \/>\nLes articles sur ce site peuvent inclure du contenu int\u00e9gr\u00e9 (par exemple des vid\u00e9os, des images). Le contenu int\u00e9gr\u00e9 se comporte de la m\u00eame mani\u00e8re que si le visiteur avait visit\u00e9 le site d&rsquo;origine.<\/p>\n<hr \/>\n<p><strong>Avec Qui Partageons-Nous Vos Donn\u00e9es ?<\/strong><br \/>\nSi vous demandez une r\u00e9initialisation de mot de passe, votre adresse IP sera incluse dans l&rsquo;e-mail de r\u00e9initialisation.<\/p>\n<hr \/>\n<p><strong>Combien de Temps Conservons-Nous Vos Donn\u00e9es ?<\/strong><br \/>\nLes commentaires et leurs m\u00e9tadonn\u00e9es sont conserv\u00e9s ind\u00e9finiment. Les utilisateurs enregistr\u00e9s sur notre site peuvent consulter, modifier ou supprimer leurs informations personnelles.<\/p>\n<hr \/>\n<p><strong>Quels Sont Vos Droits sur Vos Donn\u00e9es ?<\/strong><br \/>\nVous pouvez demander une copie des donn\u00e9es personnelles que nous d\u00e9tenons \u00e0 votre sujet ou demander leur suppression. Cependant, cela exclut les donn\u00e9es requises \u00e0 des fins administratives ou l\u00e9gales.<\/p>\n<hr \/>\n<p><strong>O\u00f9 Sont Envoy\u00e9es Vos Donn\u00e9es ?<\/strong><br \/>\nLes commentaires des visiteurs peuvent \u00eatre v\u00e9rifi\u00e9s par un service de d\u00e9tection de spams.<\/p>\n<\/div>\n<\/div>\n<\/div>\n","protected":false},"excerpt":{"rendered":"<p>Politique de Confidentialit\u00e9 Qui Sommes-Nous ? Globherbs.com fournit des informations fiables pour ceux qui explorent la vie naturelle et les plantes m\u00e9dicinales. Notre adresse web est https:\/\/globherbs.com. Commentaires Lorsque les visiteurs laissent des commentaires, nous collectons les donn\u00e9es indiqu\u00e9es dans le formulaire de commentaires, ainsi que l&rsquo;adresse IP et les informations du navigateur des visiteurs [&hellip;]<\/p>\n","protected":false},"author":1,"featured_media":0,"parent":0,"menu_order":0,"comment_status":"closed","ping_status":"open","template":"","meta":{"footnotes":""},"class_list":["post-137","page","type-page","status-publish","hentry"],"_links":{"self":[{"href":"https:\/\/globherbs.com\/fr\/wp-json\/wp\/v2\/pages\/137","targetHints":{"allow":["GET"]}}],"collection":[{"href":"https:\/\/globherbs.com\/fr\/wp-json\/wp\/v2\/pages"}],"about":[{"href":"https:\/\/globherbs.com\/fr\/wp-json\/wp\/v2\/types\/page"}],"author":[{"embeddable":true,"href":"https:\/\/globherbs.com\/fr\/wp-json\/wp\/v2\/users\/1"}],"replies":[{"embeddable":true,"href":"https:\/\/globherbs.com\/fr\/wp-json\/wp\/v2\/comments?post=137"}],"version-history":[{"count":5,"href":"https:\/\/globherbs.com\/fr\/wp-json\/wp\/v2\/pages\/137\/revisions"}],"predecessor-version":[{"id":188,"href":"https:\/\/globherbs.com\/fr\/wp-json\/wp\/v2\/pages\/137\/revisions\/188"}],"wp:attachment":[{"href":"https:\/\/globherbs.com\/fr\/wp-json\/wp\/v2\/media?parent=137"}],"curies":[{"name":"wp","href":"https:\/\/api.w.org\/{rel}","templated":true}]}}